{"id":502,"date":"2026-01-30T10:09:55","date_gmt":"2026-01-30T09:09:55","guid":{"rendered":"https:\/\/szkolatotustuus.pl\/?page_id=502"},"modified":"2026-02-13T08:42:22","modified_gmt":"2026-02-13T07:42:22","slug":"kontakt-scwew","status":"publish","type":"page","link":"https:\/\/szkolatotustuus.pl\/?page_id=502","title":{"rendered":"Kontakt SCWEW"},"content":{"rendered":"\n<h2 class=\"wp-block-heading alignwide has-text-align-center\"><strong>Specjalistyczne Centrum Wspieraj\u0105ce Edukacj\u0119 W\u0142\u0105czaj\u0105c\u0105 w Lesznie<\/strong><\/h2>\n\n\n\n<p class=\"has-text-align-center\"><strong>Siedziba: Ul. Rejtana 37, 64-100 Leszno<\/strong><\/p>\n\n\n\n<p class=\"has-text-align-center\"><strong>Adres do korespondencji: ul. Osiecka 37, 64-100 Leszno<\/strong><\/p>\n\n\n\n<p class=\"has-text-align-center\">e-mail: <a href=\"mailto:zespol@scwew-leszno.pl\">zespol@scwew-leszno.pl<\/a><\/p>\n\n\n\n<p>Telefon: 785-720-202<\/p>\n\n\n\n<p class=\"has-text-align-center\">Administrator danych osobowych: rodo@scwew-leszno.pl<\/p>\n\n\n\n<figure class=\"wp-block-image size-large\"><img loading=\"lazy\" decoding=\"async\" width=\"1024\" height=\"302\" src=\"https:\/\/szkolatotustuus.pl\/wp-content\/uploads\/2026\/02\/111-1-1024x302.png\" alt=\"\" class=\"wp-image-577\" srcset=\"https:\/\/szkolatotustuus.pl\/wp-content\/uploads\/2026\/02\/111-1-1024x302.png 1024w, https:\/\/szkolatotustuus.pl\/wp-content\/uploads\/2026\/02\/111-1-300x89.png 300w, https:\/\/szkolatotustuus.pl\/wp-content\/uploads\/2026\/02\/111-1-768x227.png 768w, https:\/\/szkolatotustuus.pl\/wp-content\/uploads\/2026\/02\/111-1-1536x454.png 1536w, https:\/\/szkolatotustuus.pl\/wp-content\/uploads\/2026\/02\/111-1.png 1883w\" sizes=\"auto, (max-width: 1024px) 100vw, 1024px\" \/><\/figure>\n","protected":false},"excerpt":{"rendered":"<p>Specjalistyczne Centrum Wspieraj\u0105ce Edukacj\u0119 W\u0142\u0105czaj\u0105c\u0105 w Lesznie Siedziba: Ul. Rejtana 37, 64-100 Leszno Adres do korespondencji: ul. Osiecka 37, 64-100 Leszno e-mail: zespol@scwew-leszno.pl Telefon: 785-720-202 Administrator danych osobowych: rodo@scwew-leszno.pl<\/p>\n","protected":false},"author":1,"featured_media":0,"parent":442,"menu_order":0,"comment_status":"closed","ping_status":"closed","template":"","meta":{"_kadence_starter_templates_imported_post":false,"_kad_post_transparent":"","_kad_post_title":"","_kad_post_layout":"","_kad_post_sidebar_id":"","_kad_post_content_style":"","_kad_post_vertical_padding":"","_kad_post_feature":"","_kad_post_feature_position":"","_kad_post_header":false,"_kad_post_footer":false,"_kad_post_classname":"","footnotes":""},"class_list":["post-502","page","type-page","status-publish","hentry"],"_links":{"self":[{"href":"https:\/\/szkolatotustuus.pl\/index.php?rest_route=\/wp\/v2\/pages\/502","targetHints":{"allow":["GET"]}}],"collection":[{"href":"https:\/\/szkolatotustuus.pl\/index.php?rest_route=\/wp\/v2\/pages"}],"about":[{"href":"https:\/\/szkolatotustuus.pl\/index.php?rest_route=\/wp\/v2\/types\/page"}],"author":[{"embeddable":true,"href":"https:\/\/szkolatotustuus.pl\/index.php?rest_route=\/wp\/v2\/users\/1"}],"replies":[{"embeddable":true,"href":"https:\/\/szkolatotustuus.pl\/index.php?rest_route=%2Fwp%2Fv2%2Fcomments&post=502"}],"version-history":[{"count":8,"href":"https:\/\/szkolatotustuus.pl\/index.php?rest_route=\/wp\/v2\/pages\/502\/revisions"}],"predecessor-version":[{"id":578,"href":"https:\/\/szkolatotustuus.pl\/index.php?rest_route=\/wp\/v2\/pages\/502\/revisions\/578"}],"up":[{"embeddable":true,"href":"https:\/\/szkolatotustuus.pl\/index.php?rest_route=\/wp\/v2\/pages\/442"}],"wp:attachment":[{"href":"https:\/\/szkolatotustuus.pl\/index.php?rest_route=%2Fwp%2Fv2%2Fmedia&parent=502"}],"curies":[{"name":"wp","href":"https:\/\/api.w.org\/{rel}","templated":true}]}}