{"id":472,"date":"2026-01-29T21:00:10","date_gmt":"2026-01-29T20:00:10","guid":{"rendered":"https:\/\/szkolatotustuus.pl\/?page_id=472"},"modified":"2026-02-13T08:41:31","modified_gmt":"2026-02-13T07:41:31","slug":"placowki-objete-wsparciem-scwew-w-lesznie","status":"publish","type":"page","link":"https:\/\/szkolatotustuus.pl\/?page_id=472","title":{"rendered":"Plac\u00f3wki obj\u0119te wsparciem SCWEW w Lesznie"},"content":{"rendered":"\n<h2 class=\"wp-block-heading\"><strong>Plac\u00f3wki obj\u0119te wsparciem SCWEW w Lesznie<\/strong><\/h2>\n\n\n\n<ul class=\"wp-block-list\">\n<li><strong>Przedszkole z Oddzia\u0142ami Integracyjnymi nr 1 im. Wandy Chotomskiej w Ko\u015bcianie<\/strong><\/li>\n\n\n\n<li><strong>Przedszkole Kolorowy Wiatraczek w Rydzynie<\/strong><\/li>\n\n\n\n<li><strong>Przedszkole Kolorowy Wiatraczek w Rydzynie<\/strong><\/li>\n\n\n\n<li><strong>Szko\u0142a Podstawowa im. Powsta\u0144c\u00f3w Wielkopolskich w Osiecznej<\/strong><\/li>\n\n\n\n<li><strong>Szko\u0142a Podstawowa im. Konstytucji 3 Maja w \u015amiglu<\/strong><\/li>\n<\/ul>\n\n\n\n<p><\/p>\n","protected":false},"excerpt":{"rendered":"<p>Plac\u00f3wki obj\u0119te wsparciem SCWEW w Lesznie<\/p>\n","protected":false},"author":1,"featured_media":0,"parent":442,"menu_order":0,"comment_status":"closed","ping_status":"closed","template":"","meta":{"_kadence_starter_templates_imported_post":false,"_kad_post_transparent":"","_kad_post_title":"","_kad_post_layout":"","_kad_post_sidebar_id":"","_kad_post_content_style":"","_kad_post_vertical_padding":"","_kad_post_feature":"","_kad_post_feature_position":"","_kad_post_header":false,"_kad_post_footer":false,"_kad_post_classname":"","footnotes":""},"class_list":["post-472","page","type-page","status-publish","hentry"],"_links":{"self":[{"href":"https:\/\/szkolatotustuus.pl\/index.php?rest_route=\/wp\/v2\/pages\/472","targetHints":{"allow":["GET"]}}],"collection":[{"href":"https:\/\/szkolatotustuus.pl\/index.php?rest_route=\/wp\/v2\/pages"}],"about":[{"href":"https:\/\/szkolatotustuus.pl\/index.php?rest_route=\/wp\/v2\/types\/page"}],"author":[{"embeddable":true,"href":"https:\/\/szkolatotustuus.pl\/index.php?rest_route=\/wp\/v2\/users\/1"}],"replies":[{"embeddable":true,"href":"https:\/\/szkolatotustuus.pl\/index.php?rest_route=%2Fwp%2Fv2%2Fcomments&post=472"}],"version-history":[{"count":1,"href":"https:\/\/szkolatotustuus.pl\/index.php?rest_route=\/wp\/v2\/pages\/472\/revisions"}],"predecessor-version":[{"id":473,"href":"https:\/\/szkolatotustuus.pl\/index.php?rest_route=\/wp\/v2\/pages\/472\/revisions\/473"}],"up":[{"embeddable":true,"href":"https:\/\/szkolatotustuus.pl\/index.php?rest_route=\/wp\/v2\/pages\/442"}],"wp:attachment":[{"href":"https:\/\/szkolatotustuus.pl\/index.php?rest_route=%2Fwp%2Fv2%2Fmedia&parent=472"}],"curies":[{"name":"wp","href":"https:\/\/api.w.org\/{rel}","templated":true}]}}