{"id":45,"date":"2026-01-16T10:27:44","date_gmt":"2026-01-16T09:27:44","guid":{"rendered":"https:\/\/szkolatotustuus.pl\/?page_id=45"},"modified":"2026-01-20T00:16:46","modified_gmt":"2026-01-19T23:16:46","slug":"oddzialy","status":"publish","type":"page","link":"https:\/\/szkolatotustuus.pl\/?page_id=45","title":{"rendered":"Oddzia\u0142y"},"content":{"rendered":"\n<div class=\"wp-block-columns is-layout-flex wp-container-core-columns-is-layout-9d6595d7 wp-block-columns-is-layout-flex\">\n<div class=\"wp-block-column is-layout-flow wp-block-column-is-layout-flow\">\n<h2 class=\"wp-block-heading has-text-align-center\">Przedszkole<\/h2>\n\n\n\n<p class=\"has-text-align-center\">Oddzia\u0142 dla dzieci w wieku 3\u20136 lat.<br>Rozwijamy samodzielno\u015b\u0107, kompetencje spo\u0142eczne<br>oraz umiej\u0119tno\u015bci komunikacyjne.<\/p>\n<\/div>\n<\/div>\n\n\n\n<figure class=\"wp-block-image size-large\"><img loading=\"lazy\" decoding=\"async\" width=\"1024\" height=\"683\" src=\"https:\/\/szkolatotustuus.pl\/wp-content\/uploads\/2026\/01\/Dzieci-bawiace-sie-w-przedszkolu-1024x683.png\" alt=\"\" class=\"wp-image-245\" srcset=\"https:\/\/szkolatotustuus.pl\/wp-content\/uploads\/2026\/01\/Dzieci-bawiace-sie-w-przedszkolu-1024x683.png 1024w, https:\/\/szkolatotustuus.pl\/wp-content\/uploads\/2026\/01\/Dzieci-bawiace-sie-w-przedszkolu-300x200.png 300w, https:\/\/szkolatotustuus.pl\/wp-content\/uploads\/2026\/01\/Dzieci-bawiace-sie-w-przedszkolu-768x512.png 768w, https:\/\/szkolatotustuus.pl\/wp-content\/uploads\/2026\/01\/Dzieci-bawiace-sie-w-przedszkolu.png 1536w\" sizes=\"auto, (max-width: 1024px) 100vw, 1024px\" \/><\/figure>\n\n\n\n<h2 class=\"wp-block-heading has-text-align-center\">Szko\u0142a Podstawowa<\/h2>\n\n\n\n<p class=\"has-text-align-center\">Szko\u0142a prowadzi dzia\u0142alno\u015b\u0107 edukacyjn\u0105 i terapeutyczn\u0105 zgodnie z przepisami Ministerstwa Edukacji Narodowej. Realizuje podstaw\u0119 programow\u0105 dla edukacji wczesnoszkolnej oraz klas IV\u2013VIII<\/p>\n\n\n\n<figure class=\"wp-block-image size-large\"><img loading=\"lazy\" decoding=\"async\" width=\"1024\" height=\"683\" src=\"https:\/\/szkolatotustuus.pl\/wp-content\/uploads\/2026\/01\/Usmiechnieci-uczniowie-w-klasie-1024x683.png\" alt=\"\" class=\"wp-image-246\" srcset=\"https:\/\/szkolatotustuus.pl\/wp-content\/uploads\/2026\/01\/Usmiechnieci-uczniowie-w-klasie-1024x683.png 1024w, https:\/\/szkolatotustuus.pl\/wp-content\/uploads\/2026\/01\/Usmiechnieci-uczniowie-w-klasie-300x200.png 300w, https:\/\/szkolatotustuus.pl\/wp-content\/uploads\/2026\/01\/Usmiechnieci-uczniowie-w-klasie-768x512.png 768w, https:\/\/szkolatotustuus.pl\/wp-content\/uploads\/2026\/01\/Usmiechnieci-uczniowie-w-klasie.png 1536w\" sizes=\"auto, (max-width: 1024px) 100vw, 1024px\" \/><\/figure>\n\n\n\n<h2 class=\"wp-block-heading has-text-align-center\">Szko\u0142a Przysposabiaj\u0105ca do Pracy<\/h2>\n\n\n\n<p class=\"has-text-align-center\">Przygotowanie uczni\u00f3w do samodzielno\u015bci zawodowej i funkcjonowania w doros\u0142ym \u017cyciu.<\/p>\n\n\n\n<figure class=\"wp-block-image size-large\"><img loading=\"lazy\" decoding=\"async\" width=\"1024\" height=\"683\" src=\"https:\/\/szkolatotustuus.pl\/wp-content\/uploads\/2026\/01\/1111-1024x683.png\" alt=\"\" class=\"wp-image-248\" srcset=\"https:\/\/szkolatotustuus.pl\/wp-content\/uploads\/2026\/01\/1111-1024x683.png 1024w, https:\/\/szkolatotustuus.pl\/wp-content\/uploads\/2026\/01\/1111-300x200.png 300w, https:\/\/szkolatotustuus.pl\/wp-content\/uploads\/2026\/01\/1111-768x512.png 768w, https:\/\/szkolatotustuus.pl\/wp-content\/uploads\/2026\/01\/1111.png 1536w\" sizes=\"auto, (max-width: 1024px) 100vw, 1024px\" \/><\/figure>\n","protected":false},"excerpt":{"rendered":"<p>Przedszkole Oddzia\u0142 dla dzieci w wieku 3\u20136 lat.Rozwijamy samodzielno\u015b\u0107, kompetencje spo\u0142eczneoraz umiej\u0119tno\u015bci komunikacyjne. Szko\u0142a Podstawowa Szko\u0142a prowadzi dzia\u0142alno\u015b\u0107 edukacyjn\u0105 i terapeutyczn\u0105 zgodnie z przepisami Ministerstwa Edukacji Narodowej. Realizuje podstaw\u0119 programow\u0105 dla edukacji wczesnoszkolnej oraz klas IV\u2013VIII Szko\u0142a Przysposabiaj\u0105ca do Pracy Przygotowanie uczni\u00f3w do samodzielno\u015bci zawodowej i funkcjonowania w doros\u0142ym \u017cyciu.<\/p>\n","protected":false},"author":1,"featured_media":0,"parent":0,"menu_order":0,"comment_status":"closed","ping_status":"closed","template":"","meta":{"_kadence_starter_templates_imported_post":false,"_kad_post_transparent":"","_kad_post_title":"","_kad_post_layout":"","_kad_post_sidebar_id":"","_kad_post_content_style":"","_kad_post_vertical_padding":"","_kad_post_feature":"","_kad_post_feature_position":"","_kad_post_header":false,"_kad_post_footer":false,"_kad_post_classname":"","footnotes":""},"class_list":["post-45","page","type-page","status-publish","hentry"],"_links":{"self":[{"href":"https:\/\/szkolatotustuus.pl\/index.php?rest_route=\/wp\/v2\/pages\/45","targetHints":{"allow":["GET"]}}],"collection":[{"href":"https:\/\/szkolatotustuus.pl\/index.php?rest_route=\/wp\/v2\/pages"}],"about":[{"href":"https:\/\/szkolatotustuus.pl\/index.php?rest_route=\/wp\/v2\/types\/page"}],"author":[{"embeddable":true,"href":"https:\/\/szkolatotustuus.pl\/index.php?rest_route=\/wp\/v2\/users\/1"}],"replies":[{"embeddable":true,"href":"https:\/\/szkolatotustuus.pl\/index.php?rest_route=%2Fwp%2Fv2%2Fcomments&post=45"}],"version-history":[{"count":5,"href":"https:\/\/szkolatotustuus.pl\/index.php?rest_route=\/wp\/v2\/pages\/45\/revisions"}],"predecessor-version":[{"id":249,"href":"https:\/\/szkolatotustuus.pl\/index.php?rest_route=\/wp\/v2\/pages\/45\/revisions\/249"}],"wp:attachment":[{"href":"https:\/\/szkolatotustuus.pl\/index.php?rest_route=%2Fwp%2Fv2%2Fmedia&parent=45"}],"curies":[{"name":"wp","href":"https:\/\/api.w.org\/{rel}","templated":true}]}}