{"id":25,"date":"2026-01-16T10:18:55","date_gmt":"2026-01-16T09:18:55","guid":{"rendered":"https:\/\/szkolatotustuus.pl\/?page_id=25"},"modified":"2026-01-28T11:42:11","modified_gmt":"2026-01-28T10:42:11","slug":"terapie","status":"publish","type":"page","link":"https:\/\/szkolatotustuus.pl\/?page_id=25","title":{"rendered":"Terapie"},"content":{"rendered":"\n<h2 class=\"wp-block-heading has-text-align-center terapie-section terapie-grid\">Terapie i zaj\u0119cia wspieraj\u0105ce<\/h2>\n\n\n<style>.kb-gallery-id-25_0526a0-2c .kadence-blocks-gallery-item .kb-gal-image-radius, .kb-gallery-id-25_0526a0-2c .kb-slide-item .kb-gal-image-radius img{border-radius:0px 0px 0px 0px;;}.kb-gallery-wrap-id-25_0526a0-2c.wp-block-kadence-advancedgallery{overflow:visible;}.kb-gallery-wrap-id-25_0526a0-2c.wp-block-kadence-advancedgallery .kt-blocks-carousel{overflow:visible;}<\/style><div class=\"kb-gallery-wrap-id-25_0526a0-2c alignnone wp-block-kadence-advancedgallery\"><div class=\"kb-gallery-ul kb-gallery-non-static kb-gallery-type-slider kb-gallery-id-25_0526a0-2c kb-gallery-caption-style-bottom-hover kb-gallery-filter-none\" data-image-filter=\"none\" data-lightbox-caption=\"true\"><div class=\"kt-blocks-carousel splide kt-carousel-container-dotstyle-dark kt-carousel-arrowstyle-whiteondark kt-carousel-dotstyle-dark kb-slider-group-arrow kb-slider-arrow-position-center\" data-slider-anim-speed=\"400\" data-slider-scroll=\"1\" data-slider-arrows=\"true\" data-slider-fade=\"true\" data-slider-dots=\"true\" data-slider-type=\"slider\" data-slider-hover-pause=\"false\" data-slider-auto=\"\" data-slider-speed=\"7000\" data-show-pause-button=\"false\"><div class=\"splide__track\"><ul class=\"kt-blocks-carousel-init kb-blocks-slider splide__list\"><li class=\"kb-slide-item kb-gallery-slide-item splide__slide\"><div class=\"kadence-blocks-gallery-item\"><div class=\"kadence-blocks-gallery-item-inner\"><figure class=\"kb-gallery-figure kadence-blocks-gallery-item-hide-caption\"><div class=\"kb-gal-image-radius\"><div class=\"kb-gallery-image-contain kadence-blocks-gallery-intrinsic kb-gallery-image-ratio-land169 kb-has-image-ratio-land169\" ><img loading=\"lazy\" decoding=\"async\" src=\"https:\/\/szkolatotustuus.pl\/wp-content\/uploads\/2026\/01\/11-1.jpg\" width=\"960\" height=\"723\" alt=\"\" data-full-image=\"https:\/\/szkolatotustuus.pl\/wp-content\/uploads\/2026\/01\/11-1.jpg\" data-light-image=\"https:\/\/szkolatotustuus.pl\/wp-content\/uploads\/2026\/01\/11-1.jpg\" data-id=\"287\" class=\"wp-image-287 skip-lazy\" srcset=\"https:\/\/szkolatotustuus.pl\/wp-content\/uploads\/2026\/01\/11-1.jpg 960w, https:\/\/szkolatotustuus.pl\/wp-content\/uploads\/2026\/01\/11-1-300x226.jpg 300w, https:\/\/szkolatotustuus.pl\/wp-content\/uploads\/2026\/01\/11-1-768x578.jpg 768w\" sizes=\"auto, (max-width: 960px) 100vw, 960px\" \/><\/div><\/div><\/figure><\/div><\/div><\/li><li class=\"kb-slide-item kb-gallery-slide-item splide__slide\"><div class=\"kadence-blocks-gallery-item\"><div class=\"kadence-blocks-gallery-item-inner\"><figure class=\"kb-gallery-figure kadence-blocks-gallery-item-hide-caption\"><div class=\"kb-gal-image-radius\"><div class=\"kb-gallery-image-contain kadence-blocks-gallery-intrinsic kb-gallery-image-ratio-land169 kb-has-image-ratio-land169\" ><img loading=\"lazy\" decoding=\"async\" src=\"https:\/\/szkolatotustuus.pl\/wp-content\/uploads\/2026\/01\/10-1-1024x682.jpg\" width=\"1024\" height=\"682\" alt=\"\" data-full-image=\"https:\/\/szkolatotustuus.pl\/wp-content\/uploads\/2026\/01\/10-1.jpg\" data-light-image=\"https:\/\/szkolatotustuus.pl\/wp-content\/uploads\/2026\/01\/10-1.jpg\" data-id=\"286\" class=\"wp-image-286 skip-lazy\" srcset=\"https:\/\/szkolatotustuus.pl\/wp-content\/uploads\/2026\/01\/10-1-1024x682.jpg 1024w, https:\/\/szkolatotustuus.pl\/wp-content\/uploads\/2026\/01\/10-1-300x200.jpg 300w, https:\/\/szkolatotustuus.pl\/wp-content\/uploads\/2026\/01\/10-1-768x512.jpg 768w, https:\/\/szkolatotustuus.pl\/wp-content\/uploads\/2026\/01\/10-1-1536x1024.jpg 1536w, https:\/\/szkolatotustuus.pl\/wp-content\/uploads\/2026\/01\/10-1.jpg 1670w\" sizes=\"auto, (max-width: 1024px) 100vw, 1024px\" \/><\/div><\/div><\/figure><\/div><\/div><\/li><li class=\"kb-slide-item kb-gallery-slide-item splide__slide\"><div class=\"kadence-blocks-gallery-item\"><div class=\"kadence-blocks-gallery-item-inner\"><figure class=\"kb-gallery-figure kadence-blocks-gallery-item-hide-caption\"><div class=\"kb-gal-image-radius\"><div class=\"kb-gallery-image-contain kadence-blocks-gallery-intrinsic kb-gallery-image-ratio-land169 kb-has-image-ratio-land169\" ><img loading=\"lazy\" decoding=\"async\" src=\"https:\/\/szkolatotustuus.pl\/wp-content\/uploads\/2026\/01\/7-1024x473.jpeg\" width=\"1024\" height=\"473\" alt=\"\" data-full-image=\"https:\/\/szkolatotustuus.pl\/wp-content\/uploads\/2026\/01\/7.jpeg\" data-light-image=\"https:\/\/szkolatotustuus.pl\/wp-content\/uploads\/2026\/01\/7.jpeg\" data-id=\"285\" class=\"wp-image-285 skip-lazy\" srcset=\"https:\/\/szkolatotustuus.pl\/wp-content\/uploads\/2026\/01\/7-1024x473.jpeg 1024w, https:\/\/szkolatotustuus.pl\/wp-content\/uploads\/2026\/01\/7-300x138.jpeg 300w, https:\/\/szkolatotustuus.pl\/wp-content\/uploads\/2026\/01\/7-768x354.jpeg 768w, https:\/\/szkolatotustuus.pl\/wp-content\/uploads\/2026\/01\/7-1536x709.jpeg 1536w, https:\/\/szkolatotustuus.pl\/wp-content\/uploads\/2026\/01\/7.jpeg 2048w\" sizes=\"auto, (max-width: 1024px) 100vw, 1024px\" \/><\/div><\/div><\/figure><\/div><\/div><\/li><li class=\"kb-slide-item kb-gallery-slide-item splide__slide\"><div class=\"kadence-blocks-gallery-item\"><div class=\"kadence-blocks-gallery-item-inner\"><figure class=\"kb-gallery-figure kadence-blocks-gallery-item-hide-caption\"><div class=\"kb-gal-image-radius\"><div class=\"kb-gallery-image-contain kadence-blocks-gallery-intrinsic kb-gallery-image-ratio-land169 kb-has-image-ratio-land169\" ><img loading=\"lazy\" decoding=\"async\" src=\"https:\/\/szkolatotustuus.pl\/wp-content\/uploads\/2026\/01\/9-1.jpg\" width=\"380\" height=\"253\" alt=\"\" data-full-image=\"https:\/\/szkolatotustuus.pl\/wp-content\/uploads\/2026\/01\/9-1.jpg\" data-light-image=\"https:\/\/szkolatotustuus.pl\/wp-content\/uploads\/2026\/01\/9-1.jpg\" data-id=\"284\" class=\"wp-image-284 skip-lazy\" srcset=\"https:\/\/szkolatotustuus.pl\/wp-content\/uploads\/2026\/01\/9-1.jpg 380w, https:\/\/szkolatotustuus.pl\/wp-content\/uploads\/2026\/01\/9-1-300x200.jpg 300w\" sizes=\"auto, (max-width: 380px) 100vw, 380px\" \/><\/div><\/div><\/figure><\/div><\/div><\/li><li class=\"kb-slide-item kb-gallery-slide-item splide__slide\"><div class=\"kadence-blocks-gallery-item\"><div class=\"kadence-blocks-gallery-item-inner\"><figure class=\"kb-gallery-figure kadence-blocks-gallery-item-hide-caption\"><div class=\"kb-gal-image-radius\"><div class=\"kb-gallery-image-contain kadence-blocks-gallery-intrinsic kb-gallery-image-ratio-land169 kb-has-image-ratio-land169\" ><img loading=\"lazy\" decoding=\"async\" src=\"https:\/\/szkolatotustuus.pl\/wp-content\/uploads\/2026\/01\/8-4.jpg\" width=\"693\" height=\"500\" alt=\"\" data-full-image=\"https:\/\/szkolatotustuus.pl\/wp-content\/uploads\/2026\/01\/8-4.jpg\" data-light-image=\"https:\/\/szkolatotustuus.pl\/wp-content\/uploads\/2026\/01\/8-4.jpg\" data-id=\"283\" class=\"wp-image-283 skip-lazy\" srcset=\"https:\/\/szkolatotustuus.pl\/wp-content\/uploads\/2026\/01\/8-4.jpg 693w, https:\/\/szkolatotustuus.pl\/wp-content\/uploads\/2026\/01\/8-4-300x216.jpg 300w\" sizes=\"auto, (max-width: 693px) 100vw, 693px\" \/><\/div><\/div><\/figure><\/div><\/div><\/li><li class=\"kb-slide-item kb-gallery-slide-item splide__slide\"><div class=\"kadence-blocks-gallery-item\"><div class=\"kadence-blocks-gallery-item-inner\"><figure class=\"kb-gallery-figure kadence-blocks-gallery-item-hide-caption\"><div class=\"kb-gal-image-radius\"><div class=\"kb-gallery-image-contain kadence-blocks-gallery-intrinsic kb-gallery-image-ratio-land169 kb-has-image-ratio-land169\" ><img loading=\"lazy\" decoding=\"async\" src=\"https:\/\/szkolatotustuus.pl\/wp-content\/uploads\/2026\/01\/6-2.jpeg\" width=\"695\" height=\"462\" alt=\"\" data-full-image=\"https:\/\/szkolatotustuus.pl\/wp-content\/uploads\/2026\/01\/6-2.jpeg\" data-light-image=\"https:\/\/szkolatotustuus.pl\/wp-content\/uploads\/2026\/01\/6-2.jpeg\" data-id=\"281\" class=\"wp-image-281 skip-lazy\" srcset=\"https:\/\/szkolatotustuus.pl\/wp-content\/uploads\/2026\/01\/6-2.jpeg 695w, https:\/\/szkolatotustuus.pl\/wp-content\/uploads\/2026\/01\/6-2-300x199.jpeg 300w\" sizes=\"auto, (max-width: 695px) 100vw, 695px\" \/><\/div><\/div><\/figure><\/div><\/div><\/li><li class=\"kb-slide-item kb-gallery-slide-item splide__slide\"><div class=\"kadence-blocks-gallery-item\"><div class=\"kadence-blocks-gallery-item-inner\"><figure class=\"kb-gallery-figure kadence-blocks-gallery-item-hide-caption\"><div class=\"kb-gal-image-radius\"><div class=\"kb-gallery-image-contain kadence-blocks-gallery-intrinsic kb-gallery-image-ratio-land169 kb-has-image-ratio-land169\" ><img loading=\"lazy\" decoding=\"async\" src=\"https:\/\/szkolatotustuus.pl\/wp-content\/uploads\/2026\/01\/6-1.jpeg\" width=\"695\" height=\"462\" alt=\"\" data-full-image=\"https:\/\/szkolatotustuus.pl\/wp-content\/uploads\/2026\/01\/6-1.jpeg\" data-light-image=\"https:\/\/szkolatotustuus.pl\/wp-content\/uploads\/2026\/01\/6-1.jpeg\" data-id=\"278\" class=\"wp-image-278 skip-lazy\" srcset=\"https:\/\/szkolatotustuus.pl\/wp-content\/uploads\/2026\/01\/6-1.jpeg 695w, https:\/\/szkolatotustuus.pl\/wp-content\/uploads\/2026\/01\/6-1-300x199.jpeg 300w\" sizes=\"auto, (max-width: 695px) 100vw, 695px\" \/><\/div><\/div><\/figure><\/div><\/div><\/li><\/ul><\/div><\/div><\/div><\/div>\n\n\n<ul class=\"wp-block-list\">\n<li>Terapia logopedyczna<\/li>\n\n\n\n<li>Terapia r\u0119ki<\/li>\n\n\n\n<li>Zaj\u0119cia z Integracji sensorycznej (SI)<\/li>\n\n\n\n<li>Zaj\u0119cia taneczne<\/li>\n\n\n\n<li>Zaj\u0119cia judo<\/li>\n\n\n\n<li>Zaj\u0119cia kulinarne ( obs\u0142uga urz\u0105dze\u0144 wy\u017cszych technologii)<\/li>\n\n\n\n<li>Rehablitacja ruchowa<\/li>\n\n\n\n<li>Mikropolaryzacja m\u00f3zgu<\/li>\n\n\n\n<li>Biofedbeck<\/li>\n\n\n\n<li>Hipoterapia<\/li>\n\n\n\n<li>Dogoterapia<\/li>\n\n\n\n<li>Terapia Snoezelen<\/li>\n\n\n\n<li>Zaj\u0119cia z&nbsp;SENSOPLASTYKi\u00ae<\/li>\n\n\n\n<li>Zaj\u0119cia muzyczne\/ rytmiczne<\/li>\n\n\n\n<li>Warsztaty krawieckie<\/li>\n\n\n\n<li>Warsztaty ogrodniczne<\/li>\n\n\n\n<li>Arteterapia<\/li>\n\n\n\n<li>Zaj\u0119cia na ugulu<\/li>\n<\/ul>\n\n\n\n<div style=\"height:28px\" aria-hidden=\"true\" class=\"wp-block-spacer\"><\/div>\n\n\n\n<div class=\"wp-block-columns is-layout-flex wp-container-core-columns-is-layout-9d6595d7 wp-block-columns-is-layout-flex\">\n<div class=\"wp-block-column is-layout-flow wp-block-column-is-layout-flow\">\n<figure class=\"wp-block-table is-style-regular\"><table class=\"has-theme-palette-7-background-color has-background has-border-color has-fixed-layout\" style=\"border-color:#a05090;border-width:5px\"><tbody><tr><td>Terapia<\/td><td>Cele \/ zalety<\/td><\/tr><tr><td><strong>Terapia logopedyczna<\/strong><\/td><td>Najwa\u017cniejsze zalety terapii logopedycznej:<br>* <strong>Poprawa wymowy<\/strong> i korygowanie wad artykulacyjnych.<br><strong>* Rozwijanie kompetencji j\u0119zykowych<\/strong> \u2013 s\u0142ownictwa, gramatyki i rozumienia mowy.<br>* <strong>Wspieranie komunikacji<\/strong> \u2013 \u0142atwiejsze wyra\u017canie potrzeb, my\u015bli i emocji.<br><strong>* Poprawa koncentracji i uwagi<\/strong> podczas wykonywania zada\u0144 j\u0119zykowych.<br>* <strong>Wzrost pewno\u015bci siebie<\/strong> i poczucia w\u0142asnej warto\u015bci u dziecka.<br>* <strong>Lepsze funkcjonowanie w grupie<\/strong> r\u00f3wie\u015bniczej i w \u015brodowisku szkolnym.<br>* <strong>Wsparcie nauki czytania i pisania<\/strong>, szczeg\u00f3lnie u dzieci w wieku przedszkolnym i szkolnym.<br><strong>* Indywidualne podej\u015bcie<\/strong> dostosowane do potrzeb i mo\u017cliwo\u015bci dziecka.<br><strong>Wczesna interwencja<\/strong>, kt\u00f3ra zapobiega utrwalaniu si\u0119 trudno\u015bci w przysz\u0142o\u015bci.<\/td><\/tr><tr><td>Terapia r\u0119ki<\/td><td>* usprawnianie <strong>chwytu i precyzji ruch\u00f3w<\/strong>,<br>* wzmacnianie mi\u0119\u015bni d\u0142oni, palc\u00f3w i nadgarstka,<br>* poprawa <strong>koordynacji r\u0119ka\u2013oko<\/strong>,<br>* przygotowanie do <strong>pisania, rysowania i wycinania<\/strong>,<br>* rozwijanie samodzielno\u015bci w czynno\u015bciach dnia codziennego.<\/td><\/tr><tr><td>Zaj\u0119cia z Integracji sensorycznej (SI)<\/td><td>* poprawa <strong>koordynacji ruchowej i r\u00f3wnowagi<\/strong>,<br>* regulacja reakcji na bod\u017ace sensoryczne (nadwra\u017cliwo\u015b\u0107 lub niedowra\u017cliwo\u015b\u0107),<br>* rozwijanie <strong>koncentracji i uwagi<\/strong>,<br>* wspieranie planowania ruchu i orientacji w przestrzeni,<br>* poprawa samoregulacji i komfortu emocjonalnego.<\/td><\/tr><tr><td>Zaj\u0119cia taneczne<\/td><td>* rozwijanie <strong>koordynacji ruchowej i r\u00f3wnowagi<\/strong>,<br>* kszta\u0142towanie poczucia <strong>rytmu i muzykalno\u015bci<\/strong>,<br>* wzmacnianie sprawno\u015bci fizycznej i kondycji,<br>* rozwijanie <strong>kreatywno\u015bci i ekspresji ruchowej<\/strong>,<br>* budowanie pewno\u015bci siebie i umiej\u0119tno\u015bci wsp\u00f3\u0142pracy w grupie.<\/td><\/tr><tr><td>Zaj\u0119cia judo<\/td><td>* rozwijanie <strong>koordynacji, r\u00f3wnowagi i si\u0142y<\/strong>,<br>* nauka <strong>bezpiecznych upadk\u00f3w<\/strong> i kontroli cia\u0142a,<br>* wzmacnianie <strong>pewno\u015bci siebie i samokontroli<\/strong>,<br>* kszta\u0142towanie szacunku do innych i wsp\u00f3\u0142pracy w grupie,<br>* poprawa og\u00f3lnej sprawno\u015bci i kondycji.<\/td><\/tr><tr><td>Zaj\u0119cia kulinarne ( obs\u0142uga urz\u0105dze\u0144 wy\u017cszych technologii)<\/td><td>* rozwijanie <strong>samodzielno\u015bci i odpowiedzialno\u015bci<\/strong>,<br>* nauka bezpiecznego korzystania z <strong>urz\u0105dze\u0144 wy\u017cszych technologii<\/strong> (np. blender, mikser, robot kuchenny \u2013 pod nadzorem),<br>* kszta\u0142towanie <strong>zdrowych nawyk\u00f3w \u017cywieniowych<\/strong>,<br>* rozwijanie <strong>koordynacji r\u0119ka\u2013oko i motoryki ma\u0142ej<\/strong>,<br>* doskonalenie umiej\u0119tno\u015bci wsp\u00f3\u0142pracy i planowania dzia\u0142a\u0144.<\/td><\/tr><tr><td>Rehablitacja ruchowa<\/td><td>* poprawa <strong>koordynacji ruchowej, r\u00f3wnowagi i postawy cia\u0142a<\/strong>,<br>* wzmacnianie mi\u0119\u015bni i zwi\u0119kszanie zakresu ruchu,<br>* korygowanie wad postawy,<br>* usprawnianie motoryki du\u017cej,<br>* zapobieganie pog\u0142\u0119bianiu si\u0119 trudno\u015bci ruchowych.<\/td><\/tr><tr><td>Mikropolaryzacja m\u00f3zgu<\/td><td>* poprawa <strong>koncentracji, uwagi i pami\u0119ci<\/strong>,<br>* wspieranie rozwoju mowy i komunikacji,<br>* regulacja proces\u00f3w poznawczych i emocjonalnych,<br>* wspomaganie terapii dzieci z trudno\u015bciami neurologicznymi i rozwojowymi,<br>* wzmacnianie efekt\u00f3w terapii logopedycznej, pedagogicznej i rehabilitacyjnej.<\/td><\/tr><tr><td>Biofedbeck<\/td><td>* poprawa <strong>koncentracji, uwagi i pami\u0119ci<\/strong>,<br>* redukcja <strong>stresu i napi\u0119cia emocjonalnego<\/strong>,<br>* wspieranie samokontroli i regulacji emocji,<br>* pomoc w trudno\u015bciach szkolnych i rozwojowych,<br>* wzmacnianie efektywno\u015bci innych terapii.<\/td><\/tr><tr><td>Hipoterapia<\/td><td>* poprawa <strong>r\u00f3wnowagi, koordynacji i napi\u0119cia mi\u0119\u015bniowego<\/strong>,<br>* wspieranie prawid\u0142owej <strong>postawy cia\u0142a<\/strong>,<br>* stymulowanie rozwoju sensorycznego,<br>* wzmacnianie <strong>pewno\u015bci siebie i poczucia bezpiecze\u0144stwa<\/strong>,<br>* pozytywny wp\u0142yw na emocje i motywacj\u0119 dziecka.<\/td><\/tr><tr><td>Dogoterapia<\/td><td>* wzmacnianie <strong>poczucia bezpiecze\u0144stwa i pewno\u015bci siebie<\/strong>,<br>* rozwijanie <strong>umiej\u0119tno\u015bci spo\u0142ecznych i komunikacyjnych<\/strong>,<br>* redukcja <strong>stresu, l\u0119ku i napi\u0119cia emocjonalnego<\/strong>,<br>* poprawa koncentracji i motywacji do dzia\u0142ania,<br>* kszta\u0142towanie empatii i pozytywnych postaw wobec zwierz\u0105t.<\/td><\/tr><tr><td>Terapia Snoezelen<\/td><td>* redukcja <strong>stresu, napi\u0119cia i l\u0119ku<\/strong>,<br>* wspieranie <strong>relaksacji i wyciszenia<\/strong>,<br>* stymulowanie zmys\u0142\u00f3w (wzrok, s\u0142uch, dotyk, w\u0119ch),<br>* poprawa <strong>koncentracji i samoregulacji<\/strong>,<br>* budowanie poczucia bezpiecze\u0144stwa i komfortu emocjonalnego.<\/td><\/tr><tr><td>Zaj\u0119cia z&nbsp;SENSOPLASTYKi\u00ae<\/td><td>* stymulowanie <strong>wszystkich zmys\u0142\u00f3w<\/strong> (dotyk, wzrok, w\u0119ch, s\u0142uch),<br>* rozwijanie <strong>motoryki ma\u0142ej i koordynacji r\u0119ka\u2013oko<\/strong>,<br>* wspieranie kreatywno\u015bci i samodzielno\u015bci,<br>* wzmacnianie <strong>poczucia sprawczo\u015bci i pewno\u015bci siebie<\/strong>,<br>* nauka wsp\u00f3\u0142pracy i funkcjonowania w grupie.<\/td><\/tr><tr><td>Zaj\u0119cia muzyczne\/ rytmiczne<\/td><td>* kszta\u0142towanie <strong>poczucia rytmu i s\u0142uchu muzycznego<\/strong>,<br>* rozwijanie <strong>koordynacji ruchowej i orientacji w przestrzeni<\/strong>,<br>* wspieranie rozwoju mowy i pami\u0119ci s\u0142uchowej,<br>* pobudzanie kreatywno\u015bci i ekspresji ruchowej,<br>* wzmacnianie koncentracji i umiej\u0119tno\u015bci pracy w grupie.<\/td><\/tr><tr><td>Warsztaty krawieckie<\/td><td>* rozwijanie <strong>motoryki ma\u0142ej i koordynacji r\u0119ka\u2013oko<\/strong>,<br>* nauka podstawowych umiej\u0119tno\u015bci krawieckich (np. szycie r\u0119czne, proste \u015bciegi),<br>* wzmacnianie <strong>samodzielno\u015bci i poczucia sprawczo\u015bci<\/strong>,<br>* rozwijanie kreatywno\u015bci i wyobra\u017ani,<br>* kszta\u0142towanie umiej\u0119tno\u015bci planowania i pracy wed\u0142ug instrukcji<\/td><\/tr><tr><td>Warsztaty ogrodniczne<\/td><td>* rozwijanie <strong>odpowiedzialno\u015bci i cierpliwo\u015bci<\/strong>,<br>* kszta\u0142towanie <strong>postaw proekologicznych<\/strong>,<br>* poznawanie cyklu \u017cycia ro\u015blin,<br>* rozwijanie <strong>motoryki ma\u0142ej i koordynacji r\u0119ka\u2013oko<\/strong>,<br>* wzmacnianie samodzielno\u015bci i wsp\u00f3\u0142pracy w grupie.<\/td><\/tr><tr><td>Arteterapia<\/td><td>* umo\u017cliwienie <strong>wyra\u017cania emocji w bezpieczny spos\u00f3b<\/strong>,<br>* redukcja <strong>stresu, napi\u0119cia i l\u0119ku<\/strong>,<br>* wzmacnianie <strong>poczucia w\u0142asnej warto\u015bci i sprawczo\u015bci<\/strong>,<br>* rozwijanie kreatywno\u015bci i wyobra\u017ani,<br>* poprawa koncentracji oraz umiej\u0119tno\u015bci spo\u0142ecznych.<\/td><\/tr><tr><td>Zaj\u0119cia na ugulu<\/td><td>* poprawa <strong>si\u0142y mi\u0119\u015bniowej i zakresu ruchu<\/strong>,<br>* usprawnianie <strong>koordynacji i kontroli posturalnej<\/strong>,<br>* odci\u0105\u017cenie staw\u00f3w i kr\u0119gos\u0142upa podczas \u0107wicze\u0144,<br>* korekcja wad postawy,<br>* wspieranie reedukacji prawid\u0142owych wzorc\u00f3w ruchowych.<\/td><\/tr><\/tbody><\/table><\/figure>\n<\/div>\n<\/div>\n\n\n\n<p>Szko\u0142a dodatkowo organizuje wycieczki szkolne, wyjazdy pi\u0119ciodniowe, nocowanki weekendowe.<br>Wspolnie \u015bwi\u0119tujemy urodziny, Wielkanoc, Bo\u017ce Narodzenie, czy Dzie\u0144 Rodziny.<\/p>\n\n\n\n<p>Wspieramy rodzic\u00f3w poprzez grup\u0119 wsparcia Po prostu pogaduchy. Dodatkowo \u015bwiadczymy<br>wsparcie systemowe dla rodzin w postaci mediatora szkolnego i terapeut\u00f3w.<\/p>\n\n\n\n<div style=\"height:34px\" aria-hidden=\"true\" class=\"wp-block-spacer\"><\/div>\n\n\n\n<div class=\"wpcf7 no-js\" id=\"wpcf7-f185-o1\" lang=\"pl-PL\" dir=\"ltr\" data-wpcf7-id=\"185\">\n<div class=\"screen-reader-response\"><p role=\"status\" aria-live=\"polite\" aria-atomic=\"true\"><\/p> <ul><\/ul><\/div>\n<form action=\"\/index.php?rest_route=%2Fwp%2Fv2%2Fpages%2F25#wpcf7-f185-o1\" method=\"post\" class=\"wpcf7-form init\" aria-label=\"Formularz kontaktowy\" novalidate=\"novalidate\" data-status=\"init\">\n<fieldset class=\"hidden-fields-container\"><input type=\"hidden\" name=\"_wpcf7\" value=\"185\" \/><input type=\"hidden\" name=\"_wpcf7_version\" value=\"6.1.4\" \/><input type=\"hidden\" name=\"_wpcf7_locale\" value=\"pl_PL\" \/><input type=\"hidden\" name=\"_wpcf7_unit_tag\" value=\"wpcf7-f185-o1\" \/><input type=\"hidden\" name=\"_wpcf7_container_post\" value=\"0\" \/><input type=\"hidden\" name=\"_wpcf7_posted_data_hash\" value=\"\" \/>\n<\/fieldset>\n<p><label> Twoje imi\u0119 i nazwisko<br \/>\n<span class=\"wpcf7-form-control-wrap\" data-name=\"your-name\"><input size=\"40\" maxlength=\"400\" class=\"wpcf7-form-control wpcf7-text wpcf7-validates-as-required\" autocomplete=\"name\" aria-required=\"true\" aria-invalid=\"false\" value=\"\" type=\"text\" name=\"your-name\" \/><\/span> <\/label>\n<\/p>\n<p><label> Tw\u00f3j adres e-mail<br \/>\n<span class=\"wpcf7-form-control-wrap\" data-name=\"your-email\"><input size=\"40\" maxlength=\"400\" class=\"wpcf7-form-control wpcf7-email wpcf7-validates-as-required wpcf7-text wpcf7-validates-as-email\" autocomplete=\"email\" aria-required=\"true\" aria-invalid=\"false\" value=\"\" type=\"email\" name=\"your-email\" \/><\/span> <\/label>\n<\/p>\n<p><label> Temat<br \/>\n<span class=\"wpcf7-form-control-wrap\" data-name=\"your-subject\"><input size=\"40\" maxlength=\"400\" class=\"wpcf7-form-control wpcf7-text wpcf7-validates-as-required\" aria-required=\"true\" aria-invalid=\"false\" value=\"\" type=\"text\" name=\"your-subject\" \/><\/span> <\/label>\n<\/p>\n<p><label> Twoja wiadomo\u015bci (opcjonalne)<br \/>\n<span class=\"wpcf7-form-control-wrap\" data-name=\"your-message\"><textarea cols=\"40\" rows=\"10\" maxlength=\"2000\" class=\"wpcf7-form-control wpcf7-textarea\" aria-invalid=\"false\" name=\"your-message\"><\/textarea><\/span> <\/label>\n<\/p>\n<p><input class=\"wpcf7-form-control wpcf7-submit has-spinner\" type=\"submit\" value=\"Wy\u015blij\" \/>\n<\/p><div class=\"wpcf7-response-output\" aria-hidden=\"true\"><\/div>\n<\/form>\n<\/div>\n\n\n\n\n<iframe src=\"https:\/\/www.google.com\/maps\/embed?pb=!1m18!1m12!1m3!1d9856.969271120084!2d16.597735879575755!3d51.85653195332345!2m3!1f0!2f0!3f0!3m2!1i1024!2i768!4f13.1!3m3!1m2!1s0xa5cbf9af541c2b0f%3A0x81d14c78aa160182!2sSzko%C5%82a%20Podstawowa%20Totus%20Tuus!5e0!3m2!1spl!2spl!4v1768767687292!5m2!1spl!2spl\"\nwidth=\"100%\" height=\"450\" style=\"border:0;\"\nallowfullscreen=\"\" loading=\"lazy\"\nreferrerpolicy=\"no-referrer-when-downgrade\"><\/iframe>\n","protected":false},"excerpt":{"rendered":"<p>Terapie i zaj\u0119cia wspieraj\u0105ce Terapia Cele \/ zalety Terapia logopedyczna Najwa\u017cniejsze zalety terapii logopedycznej:* Poprawa wymowy i korygowanie wad artykulacyjnych.* Rozwijanie kompetencji j\u0119zykowych \u2013 s\u0142ownictwa, gramatyki i rozumienia mowy.* Wspieranie komunikacji \u2013 \u0142atwiejsze wyra\u017canie potrzeb, my\u015bli i emocji.* Poprawa koncentracji i uwagi podczas wykonywania zada\u0144 j\u0119zykowych.* Wzrost pewno\u015bci siebie i poczucia w\u0142asnej warto\u015bci u dziecka.*&#8230;<\/p>\n","protected":false},"author":1,"featured_media":0,"parent":0,"menu_order":0,"comment_status":"closed","ping_status":"closed","template":"","meta":{"_kadence_starter_templates_imported_post":false,"_kad_post_transparent":"","_kad_post_title":"","_kad_post_layout":"","_kad_post_sidebar_id":"","_kad_post_content_style":"","_kad_post_vertical_padding":"","_kad_post_feature":"","_kad_post_feature_position":"","_kad_post_header":false,"_kad_post_footer":false,"_kad_post_classname":"","footnotes":""},"class_list":["post-25","page","type-page","status-publish","hentry"],"_links":{"self":[{"href":"https:\/\/szkolatotustuus.pl\/index.php?rest_route=\/wp\/v2\/pages\/25","targetHints":{"allow":["GET"]}}],"collection":[{"href":"https:\/\/szkolatotustuus.pl\/index.php?rest_route=\/wp\/v2\/pages"}],"about":[{"href":"https:\/\/szkolatotustuus.pl\/index.php?rest_route=\/wp\/v2\/types\/page"}],"author":[{"embeddable":true,"href":"https:\/\/szkolatotustuus.pl\/index.php?rest_route=\/wp\/v2\/users\/1"}],"replies":[{"embeddable":true,"href":"https:\/\/szkolatotustuus.pl\/index.php?rest_route=%2Fwp%2Fv2%2Fcomments&post=25"}],"version-history":[{"count":5,"href":"https:\/\/szkolatotustuus.pl\/index.php?rest_route=\/wp\/v2\/pages\/25\/revisions"}],"predecessor-version":[{"id":427,"href":"https:\/\/szkolatotustuus.pl\/index.php?rest_route=\/wp\/v2\/pages\/25\/revisions\/427"}],"wp:attachment":[{"href":"https:\/\/szkolatotustuus.pl\/index.php?rest_route=%2Fwp%2Fv2%2Fmedia&parent=25"}],"curies":[{"name":"wp","href":"https:\/\/api.w.org\/{rel}","templated":true}]}}