{"id":23,"date":"2026-01-16T10:18:33","date_gmt":"2026-01-16T09:18:33","guid":{"rendered":"https:\/\/szkolatotustuus.pl\/?page_id=23"},"modified":"2026-01-20T20:51:37","modified_gmt":"2026-01-20T19:51:37","slug":"szkola-przysposabiajaca-do-pracy","status":"publish","type":"page","link":"https:\/\/szkolatotustuus.pl\/?page_id=23","title":{"rendered":"Szko\u0142a Przysposabiaj\u0105ca do pracy"},"content":{"rendered":"\n<h2 class=\"wp-block-heading has-text-align-center\">Szko\u0142a przysposabiaj\u0105ca do pracy<\/h2>\n\n\n\n<p>Celem SPDP jest wspieranie rozwoju osobistego i spo\u0142ecznego ucznia. W&nbsp;naszej szkole umo\u017cliwiamy podopiecznym zdobycie wiedzy z r\u00f3\u017cnych obszar\u00f3w w spos\u00f3b<br>praktyczny.&nbsp;Du\u017cy nacisk k\u0142adziemy na rozwijanie umiej\u0119tno\u015bci z zakresu samoobs\u0142ugi: samodzielne&nbsp;jedzenie, ubieranie\/ rozbieranie si\u0119, dbanie o higien\u0119 osobist\u0105, przygotowanie posi\u0142k\u00f3w,&nbsp;sprz\u0105tanie, zmywanie, pranie, obs\u0142ugiwanie podstawowych urz\u0105dze\u0144 technicznych, to tylko&nbsp;wybrane rodzaje konkretnych umiej\u0119tno\u015bci przydatnych w \u017cyciu codziennym kt\u00f3rych si\u0119&nbsp;uczymy.<br><br>Wsp\u00f3lnie poznajemy nasze najbli\u017csze otoczenie, miejsca u\u017cyteczno\u015bci publicznej, ciekawe&nbsp;miejsca naszego miasta. Poprzez wycieczki do miejsc u\u017cyteczno\u015bci publicznej: kawiarnie,<br>restauracje, kino, biblioteka itp., umo\u017cliwiamy im zdobywanie oraz rozwijanie kompetencji&nbsp;spo\u0142ecznych w sytuacjach naturalnych.&nbsp;Uczniowie ucz\u0105 si\u0119 robienia zakup\u00f3w oraz gospodarowania pieni\u0119dzmi,<br>Podopieczni ucz\u0105 si\u0119 korzystania ze \u015brodk\u00f3w komunikacji miejskiej, poznaj\u0105 r\u00f3\u017cne rodzaje&nbsp;pojazd\u00f3w.<br><br>W szkolnym ogr\u00f3dku prowadzimy w\u0142asne hodowle ro\u015blin.&nbsp;Zaj\u0119cia dostosowujemy do indywidualnych potrzeb i mo\u017cliwo\u015bci naszych uczni\u00f3w, tak aby<br>mogli w przysz\u0142o\u015bci jak najlepiej samodzielnie funkcjonowa\u0107 , zintegrowa\u0107 si\u0119 ze&nbsp;\u015brodowiskiem, mie\u0107 przyjaci\u00f3\u0142.<\/p>\n\n\n<style>.kb-gallery-id-23_0c6046-9b .kadence-blocks-gallery-item .kb-gal-image-radius, .kb-gallery-id-23_0c6046-9b .kb-slide-item .kb-gal-image-radius img{border-radius:0px 0px 0px 0px;;}.kb-gallery-wrap-id-23_0c6046-9b.wp-block-kadence-advancedgallery{overflow:visible;}.kb-gallery-wrap-id-23_0c6046-9b.wp-block-kadence-advancedgallery .kt-blocks-carousel{overflow:visible;}<\/style><div class=\"kb-gallery-wrap-id-23_0c6046-9b alignnone wp-block-kadence-advancedgallery\"><div class=\"kb-gallery-ul kb-gallery-non-static kb-gallery-type-slider kb-gallery-id-23_0c6046-9b kb-gallery-caption-style-bottom-hover kb-gallery-filter-none\" data-image-filter=\"none\" data-lightbox-caption=\"true\"><div class=\"kt-blocks-carousel splide kt-carousel-container-dotstyle-dark kt-carousel-arrowstyle-whiteondark kt-carousel-dotstyle-dark kb-slider-group-arrow kb-slider-arrow-position-center\" data-slider-anim-speed=\"400\" data-slider-scroll=\"1\" data-slider-arrows=\"true\" data-slider-fade=\"true\" data-slider-dots=\"true\" data-slider-type=\"slider\" data-slider-hover-pause=\"false\" data-slider-auto=\"\" data-slider-speed=\"7000\" data-show-pause-button=\"false\"><div class=\"splide__track\"><ul class=\"kt-blocks-carousel-init kb-blocks-slider splide__list\"><li class=\"kb-slide-item kb-gallery-slide-item splide__slide\"><div class=\"kadence-blocks-gallery-item\"><div class=\"kadence-blocks-gallery-item-inner\"><figure class=\"kb-gallery-figure kadence-blocks-gallery-item-hide-caption\"><div class=\"kb-gal-image-radius\"><div class=\"kb-gallery-image-contain kadence-blocks-gallery-intrinsic kb-gallery-image-ratio-land169 kb-has-image-ratio-land169\" ><img loading=\"lazy\" decoding=\"async\" src=\"https:\/\/szkolatotustuus.pl\/wp-content\/uploads\/2026\/01\/5-1-768x1024.jpg\" width=\"768\" height=\"1024\" alt=\"\" data-full-image=\"https:\/\/szkolatotustuus.pl\/wp-content\/uploads\/2026\/01\/5-1.jpg\" data-light-image=\"https:\/\/szkolatotustuus.pl\/wp-content\/uploads\/2026\/01\/5-1.jpg\" data-id=\"272\" class=\"wp-image-272 skip-lazy\" srcset=\"https:\/\/szkolatotustuus.pl\/wp-content\/uploads\/2026\/01\/5-1-768x1024.jpg 768w, https:\/\/szkolatotustuus.pl\/wp-content\/uploads\/2026\/01\/5-1-225x300.jpg 225w, https:\/\/szkolatotustuus.pl\/wp-content\/uploads\/2026\/01\/5-1-1152x1536.jpg 1152w, https:\/\/szkolatotustuus.pl\/wp-content\/uploads\/2026\/01\/5-1.jpg 1536w\" sizes=\"auto, (max-width: 768px) 100vw, 768px\" \/><\/div><\/div><\/figure><\/div><\/div><\/li><li class=\"kb-slide-item kb-gallery-slide-item splide__slide\"><div class=\"kadence-blocks-gallery-item\"><div class=\"kadence-blocks-gallery-item-inner\"><figure class=\"kb-gallery-figure kadence-blocks-gallery-item-hide-caption\"><div class=\"kb-gal-image-radius\"><div class=\"kb-gallery-image-contain kadence-blocks-gallery-intrinsic kb-gallery-image-ratio-land169 kb-has-image-ratio-land169\" ><img loading=\"lazy\" decoding=\"async\" src=\"https:\/\/szkolatotustuus.pl\/wp-content\/uploads\/2026\/01\/6-1.jpg\" width=\"960\" height=\"960\" alt=\"\" data-full-image=\"https:\/\/szkolatotustuus.pl\/wp-content\/uploads\/2026\/01\/6-1.jpg\" data-light-image=\"https:\/\/szkolatotustuus.pl\/wp-content\/uploads\/2026\/01\/6-1.jpg\" data-id=\"273\" class=\"wp-image-273 skip-lazy\" srcset=\"https:\/\/szkolatotustuus.pl\/wp-content\/uploads\/2026\/01\/6-1.jpg 960w, https:\/\/szkolatotustuus.pl\/wp-content\/uploads\/2026\/01\/6-1-300x300.jpg 300w, https:\/\/szkolatotustuus.pl\/wp-content\/uploads\/2026\/01\/6-1-150x150.jpg 150w, https:\/\/szkolatotustuus.pl\/wp-content\/uploads\/2026\/01\/6-1-768x768.jpg 768w\" sizes=\"auto, (max-width: 960px) 100vw, 960px\" \/><\/div><\/div><\/figure><\/div><\/div><\/li><li class=\"kb-slide-item kb-gallery-slide-item splide__slide\"><div class=\"kadence-blocks-gallery-item\"><div class=\"kadence-blocks-gallery-item-inner\"><figure class=\"kb-gallery-figure kadence-blocks-gallery-item-hide-caption\"><div class=\"kb-gal-image-radius\"><div class=\"kb-gallery-image-contain kadence-blocks-gallery-intrinsic kb-gallery-image-ratio-land169 kb-has-image-ratio-land169\" ><img loading=\"lazy\" decoding=\"async\" src=\"https:\/\/szkolatotustuus.pl\/wp-content\/uploads\/2026\/01\/7-1.jpg\" width=\"960\" height=\"960\" alt=\"\" data-full-image=\"https:\/\/szkolatotustuus.pl\/wp-content\/uploads\/2026\/01\/7-1.jpg\" data-light-image=\"https:\/\/szkolatotustuus.pl\/wp-content\/uploads\/2026\/01\/7-1.jpg\" data-id=\"274\" class=\"wp-image-274 skip-lazy\" srcset=\"https:\/\/szkolatotustuus.pl\/wp-content\/uploads\/2026\/01\/7-1.jpg 960w, https:\/\/szkolatotustuus.pl\/wp-content\/uploads\/2026\/01\/7-1-300x300.jpg 300w, https:\/\/szkolatotustuus.pl\/wp-content\/uploads\/2026\/01\/7-1-150x150.jpg 150w, https:\/\/szkolatotustuus.pl\/wp-content\/uploads\/2026\/01\/7-1-768x768.jpg 768w\" sizes=\"auto, (max-width: 960px) 100vw, 960px\" \/><\/div><\/div><\/figure><\/div><\/div><\/li><\/ul><\/div><\/div><\/div><\/div>\n\n\n<div style=\"height:24px\" aria-hidden=\"true\" class=\"wp-block-spacer\"><\/div>\n\n\n\n\n<iframe src=\"https:\/\/www.google.com\/maps\/embed?pb=!1m18!1m12!1m3!1d9856.969271120084!2d16.597735879575755!3d51.85653195332345!2m3!1f0!2f0!3f0!3m2!1i1024!2i768!4f13.1!3m3!1m2!1s0xa5cbf9af541c2b0f%3A0x81d14c78aa160182!2sSzko%C5%82a%20Podstawowa%20Totus%20Tuus!5e0!3m2!1spl!2spl!4v1768767687292!5m2!1spl!2spl\"\nwidth=\"100%\" height=\"450\" style=\"border:0;\"\nallowfullscreen=\"\" loading=\"lazy\"\nreferrerpolicy=\"no-referrer-when-downgrade\"><\/iframe>\n\n","protected":false},"excerpt":{"rendered":"<p>Szko\u0142a przysposabiaj\u0105ca do pracy Celem SPDP jest wspieranie rozwoju osobistego i spo\u0142ecznego ucznia. W&nbsp;naszej szkole umo\u017cliwiamy podopiecznym zdobycie wiedzy z r\u00f3\u017cnych obszar\u00f3w w spos\u00f3bpraktyczny.&nbsp;Du\u017cy nacisk k\u0142adziemy na rozwijanie umiej\u0119tno\u015bci z zakresu samoobs\u0142ugi: samodzielne&nbsp;jedzenie, ubieranie\/ rozbieranie si\u0119, dbanie o higien\u0119 osobist\u0105, przygotowanie posi\u0142k\u00f3w,&nbsp;sprz\u0105tanie, zmywanie, pranie, obs\u0142ugiwanie podstawowych urz\u0105dze\u0144 technicznych, to tylko&nbsp;wybrane rodzaje konkretnych umiej\u0119tno\u015bci przydatnych w&#8230;<\/p>\n","protected":false},"author":1,"featured_media":0,"parent":0,"menu_order":0,"comment_status":"closed","ping_status":"closed","template":"","meta":{"_kadence_starter_templates_imported_post":false,"_kad_post_transparent":"","_kad_post_title":"","_kad_post_layout":"","_kad_post_sidebar_id":"","_kad_post_content_style":"","_kad_post_vertical_padding":"","_kad_post_feature":"","_kad_post_feature_position":"","_kad_post_header":false,"_kad_post_footer":false,"_kad_post_classname":"","footnotes":""},"class_list":["post-23","page","type-page","status-publish","hentry"],"_links":{"self":[{"href":"https:\/\/szkolatotustuus.pl\/index.php?rest_route=\/wp\/v2\/pages\/23","targetHints":{"allow":["GET"]}}],"collection":[{"href":"https:\/\/szkolatotustuus.pl\/index.php?rest_route=\/wp\/v2\/pages"}],"about":[{"href":"https:\/\/szkolatotustuus.pl\/index.php?rest_route=\/wp\/v2\/types\/page"}],"author":[{"embeddable":true,"href":"https:\/\/szkolatotustuus.pl\/index.php?rest_route=\/wp\/v2\/users\/1"}],"replies":[{"embeddable":true,"href":"https:\/\/szkolatotustuus.pl\/index.php?rest_route=%2Fwp%2Fv2%2Fcomments&post=23"}],"version-history":[{"count":2,"href":"https:\/\/szkolatotustuus.pl\/index.php?rest_route=\/wp\/v2\/pages\/23\/revisions"}],"predecessor-version":[{"id":275,"href":"https:\/\/szkolatotustuus.pl\/index.php?rest_route=\/wp\/v2\/pages\/23\/revisions\/275"}],"wp:attachment":[{"href":"https:\/\/szkolatotustuus.pl\/index.php?rest_route=%2Fwp%2Fv2%2Fmedia&parent=23"}],"curies":[{"name":"wp","href":"https:\/\/api.w.org\/{rel}","templated":true}]}}