{"id":21,"date":"2026-01-16T10:18:11","date_gmt":"2026-01-16T09:18:11","guid":{"rendered":"https:\/\/szkolatotustuus.pl\/?page_id=21"},"modified":"2026-01-20T20:22:02","modified_gmt":"2026-01-20T19:22:02","slug":"szkola-podstawowa","status":"publish","type":"page","link":"https:\/\/szkolatotustuus.pl\/?page_id=21","title":{"rendered":"Szko\u0142a Podstawowa"},"content":{"rendered":"\n<h2 class=\"wp-block-heading has-text-align-center\">Szko\u0142a Podstawowa<\/h2>\n\n\n<style>.kb-gallery-id-21_64e73a-47 .kadence-blocks-gallery-item .kb-gal-image-radius, .kb-gallery-id-21_64e73a-47 .kb-slide-item .kb-gal-image-radius img{border-radius:0px 0px 0px 0px;;}.kb-gallery-wrap-id-21_64e73a-47.wp-block-kadence-advancedgallery{overflow:visible;}.kb-gallery-wrap-id-21_64e73a-47.wp-block-kadence-advancedgallery .kt-blocks-carousel{overflow:visible;}<\/style><div class=\"kb-gallery-wrap-id-21_64e73a-47 alignnone wp-block-kadence-advancedgallery\"><div class=\"kb-gallery-ul kb-gallery-non-static kb-gallery-type-slider kb-gallery-id-21_64e73a-47 kb-gallery-caption-style-bottom-hover kb-gallery-filter-none\" data-image-filter=\"none\" data-lightbox-caption=\"true\"><div class=\"kt-blocks-carousel splide kt-carousel-container-dotstyle-dark kt-carousel-arrowstyle-whiteondark kt-carousel-dotstyle-dark kb-slider-group-arrow kb-slider-arrow-position-center\" data-slider-anim-speed=\"400\" data-slider-scroll=\"1\" data-slider-arrows=\"true\" data-slider-fade=\"true\" data-slider-dots=\"true\" data-slider-type=\"slider\" data-slider-hover-pause=\"false\" data-slider-auto=\"\" data-slider-speed=\"7000\" data-show-pause-button=\"false\"><div class=\"splide__track\"><ul class=\"kt-blocks-carousel-init kb-blocks-slider splide__list\"><li class=\"kb-slide-item kb-gallery-slide-item splide__slide\"><div class=\"kadence-blocks-gallery-item\"><div class=\"kadence-blocks-gallery-item-inner\"><figure class=\"kb-gallery-figure kadence-blocks-gallery-item-hide-caption\"><div class=\"kb-gal-image-radius\"><div class=\"kb-gallery-image-contain kadence-blocks-gallery-intrinsic kb-gallery-image-ratio-land169 kb-has-image-ratio-land169\" ><img loading=\"lazy\" decoding=\"async\" src=\"https:\/\/szkolatotustuus.pl\/wp-content\/uploads\/2026\/01\/2-1.jpg\" width=\"960\" height=\"720\" alt=\"\" data-full-image=\"https:\/\/szkolatotustuus.pl\/wp-content\/uploads\/2026\/01\/2-1.jpg\" data-light-image=\"https:\/\/szkolatotustuus.pl\/wp-content\/uploads\/2026\/01\/2-1.jpg\" data-id=\"257\" class=\"wp-image-257 skip-lazy\" srcset=\"https:\/\/szkolatotustuus.pl\/wp-content\/uploads\/2026\/01\/2-1.jpg 960w, https:\/\/szkolatotustuus.pl\/wp-content\/uploads\/2026\/01\/2-1-300x225.jpg 300w, https:\/\/szkolatotustuus.pl\/wp-content\/uploads\/2026\/01\/2-1-768x576.jpg 768w\" sizes=\"auto, (max-width: 960px) 100vw, 960px\" \/><\/div><\/div><\/figure><\/div><\/div><\/li><li class=\"kb-slide-item kb-gallery-slide-item splide__slide\"><div class=\"kadence-blocks-gallery-item\"><div class=\"kadence-blocks-gallery-item-inner\"><figure class=\"kb-gallery-figure kadence-blocks-gallery-item-hide-caption\"><div class=\"kb-gal-image-radius\"><div class=\"kb-gallery-image-contain kadence-blocks-gallery-intrinsic kb-gallery-image-ratio-land169 kb-has-image-ratio-land169\" ><img loading=\"lazy\" decoding=\"async\" src=\"https:\/\/szkolatotustuus.pl\/wp-content\/uploads\/2026\/01\/1-3.jpg\" width=\"960\" height=\"960\" alt=\"\" data-full-image=\"https:\/\/szkolatotustuus.pl\/wp-content\/uploads\/2026\/01\/1-3.jpg\" data-light-image=\"https:\/\/szkolatotustuus.pl\/wp-content\/uploads\/2026\/01\/1-3.jpg\" data-id=\"256\" class=\"wp-image-256 skip-lazy\" srcset=\"https:\/\/szkolatotustuus.pl\/wp-content\/uploads\/2026\/01\/1-3.jpg 960w, https:\/\/szkolatotustuus.pl\/wp-content\/uploads\/2026\/01\/1-3-300x300.jpg 300w, https:\/\/szkolatotustuus.pl\/wp-content\/uploads\/2026\/01\/1-3-150x150.jpg 150w, https:\/\/szkolatotustuus.pl\/wp-content\/uploads\/2026\/01\/1-3-768x768.jpg 768w\" sizes=\"auto, (max-width: 960px) 100vw, 960px\" \/><\/div><\/div><\/figure><\/div><\/div><\/li><li class=\"kb-slide-item kb-gallery-slide-item splide__slide\"><div class=\"kadence-blocks-gallery-item\"><div class=\"kadence-blocks-gallery-item-inner\"><figure class=\"kb-gallery-figure kadence-blocks-gallery-item-hide-caption\"><div class=\"kb-gal-image-radius\"><div class=\"kb-gallery-image-contain kadence-blocks-gallery-intrinsic kb-gallery-image-ratio-land169 kb-has-image-ratio-land169\" ><img loading=\"lazy\" decoding=\"async\" src=\"https:\/\/szkolatotustuus.pl\/wp-content\/uploads\/2026\/01\/3-1.jpg\" width=\"960\" height=\"540\" alt=\"\" data-full-image=\"https:\/\/szkolatotustuus.pl\/wp-content\/uploads\/2026\/01\/3-1.jpg\" data-light-image=\"https:\/\/szkolatotustuus.pl\/wp-content\/uploads\/2026\/01\/3-1.jpg\" data-id=\"258\" class=\"wp-image-258 skip-lazy\" srcset=\"https:\/\/szkolatotustuus.pl\/wp-content\/uploads\/2026\/01\/3-1.jpg 960w, https:\/\/szkolatotustuus.pl\/wp-content\/uploads\/2026\/01\/3-1-300x169.jpg 300w, https:\/\/szkolatotustuus.pl\/wp-content\/uploads\/2026\/01\/3-1-768x432.jpg 768w\" sizes=\"auto, (max-width: 960px) 100vw, 960px\" \/><\/div><\/div><\/figure><\/div><\/div><\/li><li class=\"kb-slide-item kb-gallery-slide-item splide__slide\"><div class=\"kadence-blocks-gallery-item\"><div class=\"kadence-blocks-gallery-item-inner\"><figure class=\"kb-gallery-figure kadence-blocks-gallery-item-hide-caption\"><div class=\"kb-gal-image-radius\"><div class=\"kb-gallery-image-contain kadence-blocks-gallery-intrinsic kb-gallery-image-ratio-land169 kb-has-image-ratio-land169\" ><img loading=\"lazy\" decoding=\"async\" src=\"https:\/\/szkolatotustuus.pl\/wp-content\/uploads\/2026\/01\/4-1.jpg\" width=\"960\" height=\"540\" alt=\"\" data-full-image=\"https:\/\/szkolatotustuus.pl\/wp-content\/uploads\/2026\/01\/4-1.jpg\" data-light-image=\"https:\/\/szkolatotustuus.pl\/wp-content\/uploads\/2026\/01\/4-1.jpg\" data-id=\"259\" class=\"wp-image-259 skip-lazy\" srcset=\"https:\/\/szkolatotustuus.pl\/wp-content\/uploads\/2026\/01\/4-1.jpg 960w, https:\/\/szkolatotustuus.pl\/wp-content\/uploads\/2026\/01\/4-1-300x169.jpg 300w, https:\/\/szkolatotustuus.pl\/wp-content\/uploads\/2026\/01\/4-1-768x432.jpg 768w\" sizes=\"auto, (max-width: 960px) 100vw, 960px\" \/><\/div><\/div><\/figure><\/div><\/div><\/li><\/ul><\/div><\/div><\/div><\/div>\n\n\n<p>Szko\u0142a prowadzi dzia\u0142alno\u015b\u0107 edukacyjn\u0105, terapeutyczn\u0105 zgodnie z przepisami Ministerstwa&nbsp;Edukacji Narodowej. Realizuje podstaw\u0119 programow\u0105 dla edukacji wczesnoszkolnej oraz&nbsp;klas IV \u2013 VIII zgodnie z obowi\u0105zuj\u0105cymi przepisami o\u015bwiatowymi.<\/p>\n\n\n\n<p>Kszta\u0142cenie w szkole podstawowej stanowi fundament wykszta\u0142cenia. Zadaniem szko\u0142y jest&nbsp;wprowadzenie dziecka w \u015bwiat wiedzy, przygotowanie do wykonywania obowi\u0105zk\u00f3w ucznia<\/p>\n\n\n\n<p>oraz wdra\u017canie do samorozwoju.&nbsp;Szko\u0142a zapewnia bezpieczne warunki oraz przyjazn\u0105 atmosfer\u0119 do nauki, uwzgl\u0119dniaj\u0105c&nbsp;indywidualne mo\u017cliwo\u015bci i potrzeby edukacyjne ucznia.&nbsp;<\/p>\n\n\n\n<p>W szkole panuj\u0105 domowe warunki, kt\u00f3re sprzyjaj\u0105 harmonijnemu rozwojowi dziecka.&nbsp;Uczniowie zdobywaj\u0105 nie tylko wiedz\u0119,&nbsp;ale r\u00f3wnie\u017c ucz\u0105 si\u0119 umiej\u0119tno\u015bci, kt\u00f3re u\u0142atwi\u0105 im<\/p>\n\n\n\n<p>funkcjonowanie w \u017cyciu doros\u0142ym.&nbsp;Wa\u017cnym aspektem w edukacji naszych dzieci s\u0105 umiej\u0119tno\u015bci komunikacyjne, dzi\u0119ki kt\u00f3rym,&nbsp;b\u0119d\u0105 mog\u0142y funkcjonowa\u0107 w \u015brodowisku. W pracy z osobami maj\u0105cymi trudno\u015bci w<\/p>\n\n\n\n<p>werbalnym porozumiewaniu si\u0119 stosujemy metody AAC, dzi\u0119ki kt\u00f3rym umo\u017cliwiamy osobom&nbsp;niem\u00f3wi\u0105cym wyra\u017canie swoich potrzeb, preferencji, my\u015bli, opinii oraz nawi\u0105zywanie relacji z<\/p>\n\n\n\n<p>innymi osobami.&nbsp;Nasi uczniowie rozwijaj\u0105 r\u00f3wnie\u017c umiej\u0119tno\u015bci samoobs\u0142ugowe: min. poprzez nauk\u0119&nbsp;przygotowanie posi\u0142ku, sprz\u0105tanie po nich, dbanie o sw\u00f3j wygl\u0105d i wygl\u0105d otoczenia oraz&nbsp;nauka zagospodarowanie czasu wolnego.<\/p>\n","protected":false},"excerpt":{"rendered":"<p>Szko\u0142a Podstawowa Szko\u0142a prowadzi dzia\u0142alno\u015b\u0107 edukacyjn\u0105, terapeutyczn\u0105 zgodnie z przepisami Ministerstwa&nbsp;Edukacji Narodowej. Realizuje podstaw\u0119 programow\u0105 dla edukacji wczesnoszkolnej oraz&nbsp;klas IV \u2013 VIII zgodnie z obowi\u0105zuj\u0105cymi przepisami o\u015bwiatowymi. Kszta\u0142cenie w szkole podstawowej stanowi fundament wykszta\u0142cenia. Zadaniem szko\u0142y jest&nbsp;wprowadzenie dziecka w \u015bwiat wiedzy, przygotowanie do wykonywania obowi\u0105zk\u00f3w ucznia oraz wdra\u017canie do samorozwoju.&nbsp;Szko\u0142a zapewnia bezpieczne warunki oraz przyjazn\u0105&#8230;<\/p>\n","protected":false},"author":1,"featured_media":0,"parent":0,"menu_order":0,"comment_status":"closed","ping_status":"closed","template":"","meta":{"_kadence_starter_templates_imported_post":false,"_kad_post_transparent":"","_kad_post_title":"","_kad_post_layout":"","_kad_post_sidebar_id":"","_kad_post_content_style":"","_kad_post_vertical_padding":"","_kad_post_feature":"","_kad_post_feature_position":"","_kad_post_header":false,"_kad_post_footer":false,"_kad_post_classname":"","footnotes":""},"class_list":["post-21","page","type-page","status-publish","hentry"],"_links":{"self":[{"href":"https:\/\/szkolatotustuus.pl\/index.php?rest_route=\/wp\/v2\/pages\/21","targetHints":{"allow":["GET"]}}],"collection":[{"href":"https:\/\/szkolatotustuus.pl\/index.php?rest_route=\/wp\/v2\/pages"}],"about":[{"href":"https:\/\/szkolatotustuus.pl\/index.php?rest_route=\/wp\/v2\/types\/page"}],"author":[{"embeddable":true,"href":"https:\/\/szkolatotustuus.pl\/index.php?rest_route=\/wp\/v2\/users\/1"}],"replies":[{"embeddable":true,"href":"https:\/\/szkolatotustuus.pl\/index.php?rest_route=%2Fwp%2Fv2%2Fcomments&post=21"}],"version-history":[{"count":2,"href":"https:\/\/szkolatotustuus.pl\/index.php?rest_route=\/wp\/v2\/pages\/21\/revisions"}],"predecessor-version":[{"id":260,"href":"https:\/\/szkolatotustuus.pl\/index.php?rest_route=\/wp\/v2\/pages\/21\/revisions\/260"}],"wp:attachment":[{"href":"https:\/\/szkolatotustuus.pl\/index.php?rest_route=%2Fwp%2Fv2%2Fmedia&parent=21"}],"curies":[{"name":"wp","href":"https:\/\/api.w.org\/{rel}","templated":true}]}}