{"id":19,"date":"2026-01-16T10:17:52","date_gmt":"2026-01-16T09:17:52","guid":{"rendered":"https:\/\/szkolatotustuus.pl\/?page_id=19"},"modified":"2026-01-20T20:29:50","modified_gmt":"2026-01-20T19:29:50","slug":"przedszkole","status":"publish","type":"page","link":"https:\/\/szkolatotustuus.pl\/?page_id=19","title":{"rendered":"Przedszkole"},"content":{"rendered":"\n<div class=\"wp-block-columns is-layout-flex wp-container-core-columns-is-layout-9d6595d7 wp-block-columns-is-layout-flex\">\n<div class=\"wp-block-column oddzial-przedszkolny is-layout-flow wp-block-column-is-layout-flow\" style=\"flex-basis:1200px\">\n<h2 class=\"wp-block-heading\">Oddzia\u0142 Przedszkolny<\/h2>\n\n\n\n<p>Oddzia\u0142 przedszkolny przeznaczony jest dla dzieci od 2,5 roku \u017cycia do 9 lat.<br><\/p>\n<\/div>\n<\/div>\n\n\n\n<p>Dzieci przekraczaj\u0105ce po raz pierwszy pr\u00f3g przedszkola staj\u0105 przed trudnym zadaniem \u2013 musz\u0105 pokona\u0107 obawy przed nieznanym i l\u0119k zwi\u0105zany z rozstaniem z rodzicami. W tym procesie z u\u015bmiechem wspiera je do\u015bwiadczona i empatyczna kadra szko\u0142y, dbaj\u0105c o poczucie bezpiecze\u0144stwa i komfortu.<\/p>\n\n\n\n<p>Podczas zaj\u0119\u0107 uczymy si\u0119 poprzez do\u015bwiadczanie \u2013 pracujemy na materiale \u017cywym, poznajemy \u015bwiat wszystkimi zmys\u0142ami i rozwijamy naturaln\u0105 ciekawo\u015b\u0107 dziecka.<\/p>\n\n\n\n<p>Nowe do\u015bwiadczenia zdobywamy r\u00f3wnie\u017c podczas wycieczek do miejsc u\u017cyteczno\u015bci publicznej, takich jak biblioteka, radio, muzeum, zoo, restauracje czy sklepy. Plac\u00f3wka jest miejscem otwartym i aktywnie uczestnicz\u0105cym w \u017cyciu lokalnej spo\u0142eczno\u015bci \u2013 zapraszamy go\u015bci, kt\u00f3rzy dziel\u0105 si\u0119 swoj\u0105 wiedz\u0105 i pasj\u0105.<\/p>\n\n\n\n<p>Nasi podopieczni bior\u0105 udzia\u0142 w konkursach oraz projektach edukacyjnych, rozwijaj\u0105c swoje zainteresowania i kompetencje.<\/p>\n\n\n\n<p>Szczeg\u00f3ln\u0105 uwag\u0119 przyk\u0142adamy do rozwijania samodzielno\u015bci, umiej\u0119tno\u015bci wsp\u00f3\u0142pracy oraz funkcjonowania w grupie i \u015brodowisku spo\u0142ecznym.<\/p>\n\n\n\n<figure class=\"wp-block-image size-full\"><img loading=\"lazy\" decoding=\"async\" width=\"1024\" height=\"759\" src=\"https:\/\/szkolatotustuus.pl\/wp-content\/uploads\/2026\/01\/2-\u2014-kopia.png\" alt=\"\" class=\"wp-image-251\" srcset=\"https:\/\/szkolatotustuus.pl\/wp-content\/uploads\/2026\/01\/2-\u2014-kopia.png 1024w, https:\/\/szkolatotustuus.pl\/wp-content\/uploads\/2026\/01\/2-\u2014-kopia-300x222.png 300w, https:\/\/szkolatotustuus.pl\/wp-content\/uploads\/2026\/01\/2-\u2014-kopia-768x569.png 768w\" sizes=\"auto, (max-width: 1024px) 100vw, 1024px\" \/><\/figure>\n\n\n\n<div style=\"height:34px\" aria-hidden=\"true\" class=\"wp-block-spacer\"><\/div>\n\n\n\n\n<iframe src=\"https:\/\/www.google.com\/maps\/embed?pb=!1m18!1m12!1m3!1d9856.969271120084!2d16.597735879575755!3d51.85653195332345!2m3!1f0!2f0!3f0!3m2!1i1024!2i768!4f13.1!3m3!1m2!1s0xa5cbf9af541c2b0f%3A0x81d14c78aa160182!2sSzko%C5%82a%20Podstawowa%20Totus%20Tuus!5e0!3m2!1spl!2spl!4v1768767687292!5m2!1spl!2spl\"\nwidth=\"100%\" height=\"450\" style=\"border:0;\"\nallowfullscreen=\"\" loading=\"lazy\"\nreferrerpolicy=\"no-referrer-when-downgrade\"><\/iframe>\n\n","protected":false},"excerpt":{"rendered":"<p>Oddzia\u0142 Przedszkolny Oddzia\u0142 przedszkolny przeznaczony jest dla dzieci od 2,5 roku \u017cycia do 9 lat. Dzieci przekraczaj\u0105ce po raz pierwszy pr\u00f3g przedszkola staj\u0105 przed trudnym zadaniem \u2013 musz\u0105 pokona\u0107 obawy przed nieznanym i l\u0119k zwi\u0105zany z rozstaniem z rodzicami. W tym procesie z u\u015bmiechem wspiera je do\u015bwiadczona i empatyczna kadra szko\u0142y, dbaj\u0105c o poczucie bezpiecze\u0144stwa&#8230;<\/p>\n","protected":false},"author":1,"featured_media":0,"parent":0,"menu_order":0,"comment_status":"closed","ping_status":"closed","template":"","meta":{"_kadence_starter_templates_imported_post":false,"_kad_post_transparent":"","_kad_post_title":"","_kad_post_layout":"","_kad_post_sidebar_id":"","_kad_post_content_style":"","_kad_post_vertical_padding":"","_kad_post_feature":"","_kad_post_feature_position":"","_kad_post_header":false,"_kad_post_footer":false,"_kad_post_classname":"","footnotes":""},"class_list":["post-19","page","type-page","status-publish","hentry"],"_links":{"self":[{"href":"https:\/\/szkolatotustuus.pl\/index.php?rest_route=\/wp\/v2\/pages\/19","targetHints":{"allow":["GET"]}}],"collection":[{"href":"https:\/\/szkolatotustuus.pl\/index.php?rest_route=\/wp\/v2\/pages"}],"about":[{"href":"https:\/\/szkolatotustuus.pl\/index.php?rest_route=\/wp\/v2\/types\/page"}],"author":[{"embeddable":true,"href":"https:\/\/szkolatotustuus.pl\/index.php?rest_route=\/wp\/v2\/users\/1"}],"replies":[{"embeddable":true,"href":"https:\/\/szkolatotustuus.pl\/index.php?rest_route=%2Fwp%2Fv2%2Fcomments&post=19"}],"version-history":[{"count":3,"href":"https:\/\/szkolatotustuus.pl\/index.php?rest_route=\/wp\/v2\/pages\/19\/revisions"}],"predecessor-version":[{"id":264,"href":"https:\/\/szkolatotustuus.pl\/index.php?rest_route=\/wp\/v2\/pages\/19\/revisions\/264"}],"wp:attachment":[{"href":"https:\/\/szkolatotustuus.pl\/index.php?rest_route=%2Fwp%2Fv2%2Fmedia&parent=19"}],"curies":[{"name":"wp","href":"https:\/\/api.w.org\/{rel}","templated":true}]}}