{"id":17,"date":"2026-01-16T10:17:36","date_gmt":"2026-01-16T09:17:36","guid":{"rendered":"https:\/\/szkolatotustuus.pl\/?page_id=17"},"modified":"2026-01-19T00:02:43","modified_gmt":"2026-01-18T23:02:43","slug":"zalozycielka","status":"publish","type":"page","link":"https:\/\/szkolatotustuus.pl\/?page_id=17","title":{"rendered":"Za\u0142o\u017cycielka"},"content":{"rendered":"\n<section class=\"founder-modern\">\n\n  <div class=\"founder-hero\">\n    <div class=\"founder-photo\">\n      <img decoding=\"async\" src=\"https:\/\/szkolatotustuus.pl\/wp-content\/uploads\/2026\/01\/6.png\"\n           alt=\"Agnieszka Kra\u015bner \u2013 za\u0142o\u017cycielka szko\u0142y\">\n    <\/div>\n\n    <div class=\"founder-intro\">\n      <span class=\"founder-label\">Za\u0142o\u017cycielka szko\u0142y<\/span>\n      <h1>Agnieszka Kra\u015bner<\/h1>\n\n      <p class=\"founder-lead\">\n        Mama Jana, Alicji i Kazimierza, macocha Zofii i Stanis\u0142awa.\n        Od 15 lat zwi\u0105zana z prac\u0105 z dzie\u0107mi z niepe\u0142nosprawno\u015bciami.\n      <\/p>\n\n      <p>\n        Pasjonatka wspinaczek g\u00f3rskich, spacer\u00f3w i jazdy na rowerze.\n        Ka\u017cdego dnia poszukuj\u0105ca lepszego jutra dla dzieci\n        ze specjalnymi potrzebami edukacyjnymi.\n      <\/p>\n\n      <p>\n        Praca nauczy\u0142a mnie szacunku do \u017cycia, pokory, cierpliwo\u015bci\n        i ogromnej wdzi\u0119czno\u015bci za to, co mam.\n      <\/p>\n    <\/div>\n  <\/div>\n\n  <div class=\"founder-block\">\n    <h2>Wykszta\u0142cenie<\/h2>\n    <ul class=\"founder-list\">\n      <li>Studia podyplomowe \u2013 Integracja sensoryczna (diagnoza i terapia)<\/li>\n      <li>Studia podyplomowe \u2013 Diagnoza i terapia behawioralna<\/li>\n      <li>Studia podyplomowe \u2013 Oligofrenopedagogika<\/li>\n      <li>Studia magisterskie \u2013 Pedagogika (socjoterapia)<\/li>\n      <li>Studia licencjackie \u2013 Pedagogika (opieku\u0144czo-wychowawcza)<\/li>\n      <li>Studia licencjackie \u2013 Zarz\u0105dzanie i Marketing (finanse przedsi\u0119biorstw)<\/li>\n    <\/ul>\n  <\/div>\n\n  <div class=\"founder-block\">\n    <h2>Do\u015bwiadczenie i kwalifikacje<\/h2>\n    <ul class=\"founder-list\">\n      <li>Dogoterapia \/ kynoterapia \u2013 praca z psem terapeut\u0105 Nel\u0105<\/li>\n      <li>Trening Umiej\u0119tno\u015bci Spo\u0142ecznych (TUS)<\/li>\n      <li>Diagnoza i terapia AAC, Metoda Krakowska<\/li>\n      <li>Integracja sensoryczna w rozwoju mowy<\/li>\n      <li>Terapia behawioralna, autyzm, Zesp\u00f3\u0142 Aspergera<\/li>\n      <li>Arteterapia, mediacje szkolne (mediator \u2013 certyfikat)<\/li>\n      <li>Udzia\u0142 w licznych konferencjach naukowych i og\u00f3lnopolskich<\/li>\n    <\/ul>\n  <\/div>\n\n  <div class=\"founder-quote\">\n    \u201eKa\u017cde dziecko zas\u0142uguje na przestrze\u0144,\n    w kt\u00f3rej jest widziane, rozumiane i traktowane z szacunkiem.\u201d\n  <\/div>\n\n<\/section>\n\n\n\n","protected":false},"excerpt":{"rendered":"<p>Za\u0142o\u017cycielka szko\u0142y Agnieszka Kra\u015bner Mama Jana, Alicji i Kazimierza, macocha Zofii i Stanis\u0142awa. Od 15 lat zwi\u0105zana z prac\u0105 z dzie\u0107mi z niepe\u0142nosprawno\u015bciami. Pasjonatka wspinaczek g\u00f3rskich, spacer\u00f3w i jazdy na rowerze. Ka\u017cdego dnia poszukuj\u0105ca lepszego jutra dla dzieci ze specjalnymi potrzebami edukacyjnymi. Praca nauczy\u0142a mnie szacunku do \u017cycia, pokory, cierpliwo\u015bci i ogromnej wdzi\u0119czno\u015bci za to,&#8230;<\/p>\n","protected":false},"author":1,"featured_media":0,"parent":0,"menu_order":0,"comment_status":"closed","ping_status":"closed","template":"","meta":{"_kadence_starter_templates_imported_post":false,"_kad_post_transparent":"","_kad_post_title":"","_kad_post_layout":"","_kad_post_sidebar_id":"","_kad_post_content_style":"","_kad_post_vertical_padding":"","_kad_post_feature":"","_kad_post_feature_position":"","_kad_post_header":false,"_kad_post_footer":false,"_kad_post_classname":"","footnotes":""},"class_list":["post-17","page","type-page","status-publish","hentry"],"_links":{"self":[{"href":"https:\/\/szkolatotustuus.pl\/index.php?rest_route=\/wp\/v2\/pages\/17","targetHints":{"allow":["GET"]}}],"collection":[{"href":"https:\/\/szkolatotustuus.pl\/index.php?rest_route=\/wp\/v2\/pages"}],"about":[{"href":"https:\/\/szkolatotustuus.pl\/index.php?rest_route=\/wp\/v2\/types\/page"}],"author":[{"embeddable":true,"href":"https:\/\/szkolatotustuus.pl\/index.php?rest_route=\/wp\/v2\/users\/1"}],"replies":[{"embeddable":true,"href":"https:\/\/szkolatotustuus.pl\/index.php?rest_route=%2Fwp%2Fv2%2Fcomments&post=17"}],"version-history":[{"count":3,"href":"https:\/\/szkolatotustuus.pl\/index.php?rest_route=\/wp\/v2\/pages\/17\/revisions"}],"predecessor-version":[{"id":218,"href":"https:\/\/szkolatotustuus.pl\/index.php?rest_route=\/wp\/v2\/pages\/17\/revisions\/218"}],"wp:attachment":[{"href":"https:\/\/szkolatotustuus.pl\/index.php?rest_route=%2Fwp%2Fv2%2Fmedia&parent=17"}],"curies":[{"name":"wp","href":"https:\/\/api.w.org\/{rel}","templated":true}]}}