{"id":15,"date":"2026-01-16T10:17:23","date_gmt":"2026-01-16T09:17:23","guid":{"rendered":"https:\/\/szkolatotustuus.pl\/?page_id=15"},"modified":"2026-01-19T00:06:52","modified_gmt":"2026-01-18T23:06:52","slug":"historia","status":"publish","type":"page","link":"https:\/\/szkolatotustuus.pl\/?page_id=15","title":{"rendered":"Historia"},"content":{"rendered":"\n<section class=\"history-section\">\n\n  <div class=\"history-container\">\n    <span class=\"history-label\">O nas<\/span>\n    <h1>Historia szko\u0142y<\/h1>\n\n    <div class=\"history-content\">\n      <p>\n        Niepubliczna Szko\u0142a Podstawowa Totus Tuus powsta\u0142a z potrzeby serca\n        matki syna z niepe\u0142nosprawno\u015bci\u0105, kt\u00f3ra poszukiwa\u0142a alternatywnych\n        metod terapii, w szczeg\u00f3lno\u015bci alternatywnych metod komunikacji.\n      <\/p>\n\n      <p>\n        Plac\u00f3wka rozpocz\u0119\u0142a swoj\u0105 dzia\u0142alno\u015b\u0107 przy ulicy Rejtana w Lesznie.\n        Powstanie szko\u0142y wi\u0105za\u0142o si\u0119 z ogromnymi nak\u0142adami finansowymi,\n        kt\u00f3rych celem by\u0142o stworzenie miejsca spe\u0142niaj\u0105cego najwy\u017csze\n        standardy edukacyjne i terapeutyczne.\n      <\/p>\n\n      <p>\n        W dniu <strong>28 sierpnia 2015 roku<\/strong>, w uroczystej obecno\u015bci\n        Prezydenta Miasta Leszna, uruchomiono dzia\u0142alno\u015b\u0107 edukacyjno-terapeutyczn\u0105.\n        Od tego momentu szko\u0142a systematycznie si\u0119 rozwija\u0142a i poszerza\u0142a zakres\n        swojej dzia\u0142alno\u015bci.\n      <\/p>\n\n      <p>\n        Obecnie szko\u0142a funkcjonuje w dw\u00f3ch budynkach \u2013 przy ulicy Rejtana\n        oraz Olsieckiej \u2013 gdzie realizowane s\u0105 dzia\u0142ania wspieraj\u0105ce dzieci\n        z niepe\u0142nosprawno\u015bciami oraz ich rodziny. Plac\u00f3wka dysponuje\n        przestronnymi salami edukacyjnymi i terapeutycznymi oraz zatrudnia\n        wysoko wykwalifikowan\u0105 kadr\u0119 specjalist\u00f3w.\n      <\/p>\n    <\/div>\n\n  <\/div>\n\n<\/section>\n\n\n\n<figure class=\"wp-block-image size-large is-resized\"><img loading=\"lazy\" decoding=\"async\" width=\"683\" height=\"1024\" src=\"https:\/\/szkolatotustuus.pl\/wp-content\/uploads\/2026\/01\/1111-683x1024.jpeg\" alt=\"\" class=\"wp-image-222\" style=\"aspect-ratio:0.6669871061264973;width:739px;height:auto\" srcset=\"https:\/\/szkolatotustuus.pl\/wp-content\/uploads\/2026\/01\/1111-683x1024.jpeg 683w, https:\/\/szkolatotustuus.pl\/wp-content\/uploads\/2026\/01\/1111-200x300.jpeg 200w, https:\/\/szkolatotustuus.pl\/wp-content\/uploads\/2026\/01\/1111-768x1152.jpeg 768w, https:\/\/szkolatotustuus.pl\/wp-content\/uploads\/2026\/01\/1111.jpeg 800w\" sizes=\"auto, (max-width: 683px) 100vw, 683px\" \/><\/figure>\n","protected":false},"excerpt":{"rendered":"<p>O nas Historia szko\u0142y Niepubliczna Szko\u0142a Podstawowa Totus Tuus powsta\u0142a z potrzeby serca matki syna z niepe\u0142nosprawno\u015bci\u0105, kt\u00f3ra poszukiwa\u0142a alternatywnych metod terapii, w szczeg\u00f3lno\u015bci alternatywnych metod komunikacji. Plac\u00f3wka rozpocz\u0119\u0142a swoj\u0105 dzia\u0142alno\u015b\u0107 przy ulicy Rejtana w Lesznie. Powstanie szko\u0142y wi\u0105za\u0142o si\u0119 z ogromnymi nak\u0142adami finansowymi, kt\u00f3rych celem by\u0142o stworzenie miejsca spe\u0142niaj\u0105cego najwy\u017csze standardy edukacyjne i terapeutyczne&#8230;.<\/p>\n","protected":false},"author":1,"featured_media":0,"parent":0,"menu_order":0,"comment_status":"closed","ping_status":"closed","template":"","meta":{"_kadence_starter_templates_imported_post":false,"_kad_post_transparent":"","_kad_post_title":"","_kad_post_layout":"","_kad_post_sidebar_id":"","_kad_post_content_style":"","_kad_post_vertical_padding":"","_kad_post_feature":"","_kad_post_feature_position":"","_kad_post_header":false,"_kad_post_footer":false,"_kad_post_classname":"","footnotes":""},"class_list":["post-15","page","type-page","status-publish","hentry"],"_links":{"self":[{"href":"https:\/\/szkolatotustuus.pl\/index.php?rest_route=\/wp\/v2\/pages\/15","targetHints":{"allow":["GET"]}}],"collection":[{"href":"https:\/\/szkolatotustuus.pl\/index.php?rest_route=\/wp\/v2\/pages"}],"about":[{"href":"https:\/\/szkolatotustuus.pl\/index.php?rest_route=\/wp\/v2\/types\/page"}],"author":[{"embeddable":true,"href":"https:\/\/szkolatotustuus.pl\/index.php?rest_route=\/wp\/v2\/users\/1"}],"replies":[{"embeddable":true,"href":"https:\/\/szkolatotustuus.pl\/index.php?rest_route=%2Fwp%2Fv2%2Fcomments&post=15"}],"version-history":[{"count":3,"href":"https:\/\/szkolatotustuus.pl\/index.php?rest_route=\/wp\/v2\/pages\/15\/revisions"}],"predecessor-version":[{"id":223,"href":"https:\/\/szkolatotustuus.pl\/index.php?rest_route=\/wp\/v2\/pages\/15\/revisions\/223"}],"wp:attachment":[{"href":"https:\/\/szkolatotustuus.pl\/index.php?rest_route=%2Fwp%2Fv2%2Fmedia&parent=15"}],"curies":[{"name":"wp","href":"https:\/\/api.w.org\/{rel}","templated":true}]}}